{"id":5173,"date":"2026-02-04T14:25:12","date_gmt":"2026-02-04T13:25:12","guid":{"rendered":"https:\/\/dhalsimyogaestudio.com\/?page_id=5173"},"modified":"2026-04-06T13:07:15","modified_gmt":"2026-04-06T11:07:15","slug":"confirmacion-reserva","status":"publish","type":"page","link":"https:\/\/dhalsimyogaestudio.com\/en\/confirmacion-reserva\/","title":{"rendered":"Confirmaci\u00f3n reserva"},"content":{"rendered":"<div data-elementor-type=\"wp-page\" data-elementor-id=\"5173\" class=\"elementor elementor-5173\">\n\t\t\t\t<div class=\"elementor-element elementor-element-b385123 e-flex e-con-boxed wpr-particle-no wpr-jarallax-no wpr-parallax-no wpr-sticky-section-no wpr-equal-height-no e-con e-parent\" data-id=\"b385123\" data-element_type=\"container\" data-e-type=\"container\">\n\t\t\t\t\t<div class=\"e-con-inner\">\n\t\t\t\t<div class=\"elementor-element elementor-element-1681867 elementor-widget elementor-widget-heading\" data-id=\"1681867\" data-element_type=\"widget\" data-e-type=\"widget\" data-widget_type=\"heading.default\">\n\t\t\t\t<div class=\"elementor-widget-container\">\n\t\t\t\t\t<h2 class=\"elementor-heading-title elementor-size-default\"><br><p data-path-to-node=\"2,0\"><b data-path-to-node=\"2,0\" data-index-in-node=\"0\">\u00a1Reserva confirmada!<\/b><\/p><p data-path-to-node=\"2,1\">Aseg\u00farate de conocer el material que necesitas para la sesi\u00f3n; tienes toda la informaci\u00f3n en el email de confirmaci\u00f3n.<\/p><span style=\"letter-spacing: -0.6px\">Por favor, <\/span><b data-path-to-node=\"2,2\" data-index-in-node=\"11\" style=\"letter-spacing: -0.6px\">s\u00e9 puntual<\/b><span style=\"letter-spacing: -0.6px\"> para no perderte ning\u00fan detalle. Si finalmente no puedes venir, <\/span><b data-path-to-node=\"2,2\" data-index-in-node=\"86\" style=\"letter-spacing: -0.6px\">modifica tu reserva<\/b><span style=\"letter-spacing: -0.6px\"> y deja el espacio libre para otra madre.<\/span><br><br><span style=\"letter-spacing: -0.6px\"> \u00a1Nos vemos pronto!<\/span><\/h2>\t\t\t\t<\/div>\n\t\t\t\t<\/div>\n\t\t\t\t\t<\/div>\n\t\t\t\t<\/div>\n\t\t<div class=\"elementor-element elementor-element-06feed7 e-flex e-con-boxed wpr-particle-no wpr-jarallax-no wpr-parallax-no wpr-sticky-section-no wpr-equal-height-no e-con e-parent\" data-id=\"06feed7\" data-element_type=\"container\" data-e-type=\"container\">\n\t\t\t\t\t<div class=\"e-con-inner\">\n\t\t\t\t<div class=\"elementor-element elementor-element-5b34eb3 elementor-widget elementor-widget-image\" data-id=\"5b34eb3\" data-element_type=\"widget\" data-e-type=\"widget\" data-widget_type=\"image.default\">\n\t\t\t\t<div class=\"elementor-widget-container\">\n\t\t\t\t\t\t\t\t\t\t\t\t\t\t\t<img fetchpriority=\"high\" decoding=\"async\" width=\"800\" height=\"566\" src=\"https:\/\/dhalsimyogaestudio.com\/wp-content\/uploads\/2024\/11\/dhalsim_logo-07-1024x724.png\" class=\"attachment-large size-large wp-image-200\" alt=\"\" srcset=\"https:\/\/dhalsimyogaestudio.com\/wp-content\/uploads\/2024\/11\/dhalsim_logo-07-1024x724.png 1024w, https:\/\/dhalsimyogaestudio.com\/wp-content\/uploads\/2024\/11\/dhalsim_logo-07-300x212.png 300w, https:\/\/dhalsimyogaestudio.com\/wp-content\/uploads\/2024\/11\/dhalsim_logo-07-768x543.png 768w, https:\/\/dhalsimyogaestudio.com\/wp-content\/uploads\/2024\/11\/dhalsim_logo-07-1536x1086.png 1536w, https:\/\/dhalsimyogaestudio.com\/wp-content\/uploads\/2024\/11\/dhalsim_logo-07-2048x1448.png 2048w\" sizes=\"(max-width: 800px) 100vw, 800px\" \/>\t\t\t\t\t\t\t\t\t\t\t\t\t\t\t<\/div>\n\t\t\t\t<\/div>\n\t\t\t\t\t<\/div>\n\t\t\t\t<\/div>\n\t\t\t\t<\/div>","protected":false},"excerpt":{"rendered":"<p>\u00a1Reserva confirmada! Aseg\u00farate de conocer el material que necesitas para la sesi\u00f3n; tienes toda la informaci\u00f3n en el email de confirmaci\u00f3n. Por favor, s\u00e9 puntual para no perderte ning\u00fan detalle. Si finalmente no puedes venir, modifica tu reserva y deja el espacio libre para otra madre. \u00a1Nos vemos pronto!<\/p>","protected":false},"author":1,"featured_media":0,"parent":0,"menu_order":0,"comment_status":"closed","ping_status":"closed","template":"","meta":{"_price":"","_stock":"","_tribe_ticket_header":"","_tribe_default_ticket_provider":"","_tribe_ticket_capacity":"0","_ticket_start_date":"","_ticket_end_date":"","_tribe_ticket_show_description":"","_tribe_ticket_show_not_going":false,"_tribe_ticket_use_global_stock":"","_tribe_ticket_global_stock_level":"","_global_stock_mode":"","_global_stock_cap":"","_tribe_rsvp_for_event":"","_tribe_ticket_going_count":"","_tribe_ticket_not_going_count":"","_tribe_tickets_list":"[]","_tribe_ticket_has_attendee_info_fields":false,"footnotes":"","_tec_slr_enabled":"","_tec_slr_layout":""},"class_list":["post-5173","page","type-page","status-publish","hentry"],"ticketed":false,"_links":{"self":[{"href":"https:\/\/dhalsimyogaestudio.com\/en\/wp-json\/wp\/v2\/pages\/5173","targetHints":{"allow":["GET"]}}],"collection":[{"href":"https:\/\/dhalsimyogaestudio.com\/en\/wp-json\/wp\/v2\/pages"}],"about":[{"href":"https:\/\/dhalsimyogaestudio.com\/en\/wp-json\/wp\/v2\/types\/page"}],"author":[{"embeddable":true,"href":"https:\/\/dhalsimyogaestudio.com\/en\/wp-json\/wp\/v2\/users\/1"}],"replies":[{"embeddable":true,"href":"https:\/\/dhalsimyogaestudio.com\/en\/wp-json\/wp\/v2\/comments?post=5173"}],"version-history":[{"count":8,"href":"https:\/\/dhalsimyogaestudio.com\/en\/wp-json\/wp\/v2\/pages\/5173\/revisions"}],"predecessor-version":[{"id":5377,"href":"https:\/\/dhalsimyogaestudio.com\/en\/wp-json\/wp\/v2\/pages\/5173\/revisions\/5377"}],"wp:attachment":[{"href":"https:\/\/dhalsimyogaestudio.com\/en\/wp-json\/wp\/v2\/media?parent=5173"}],"curies":[{"name":"wp","href":"https:\/\/api.w.org\/{rel}","templated":true}]}}