{"id":5301,"date":"2026-03-18T19:21:49","date_gmt":"2026-03-18T18:21:49","guid":{"rendered":"https:\/\/dhalsimyogaestudio.com\/?page_id=5301"},"modified":"2026-03-18T19:23:38","modified_gmt":"2026-03-18T18:23:38","slug":"valoracion","status":"publish","type":"page","link":"https:\/\/dhalsimyogaestudio.com\/en\/valoracion\/","title":{"rendered":"valoraci\u00f3n"},"content":{"rendered":"<div data-elementor-type=\"wp-page\" data-elementor-id=\"5301\" class=\"elementor elementor-5301\">\n\t\t\t\t<div class=\"elementor-element elementor-element-8c1799d e-flex e-con-boxed wpr-particle-no wpr-jarallax-no wpr-parallax-no wpr-sticky-section-no wpr-equal-height-no e-con e-parent\" data-id=\"8c1799d\" data-element_type=\"container\" data-e-type=\"container\">\n\t\t\t\t\t<div class=\"e-con-inner\">\n\t\t\t\t<div class=\"elementor-element elementor-element-57a6cbf elementor-widget elementor-widget-heading\" data-id=\"57a6cbf\" data-element_type=\"widget\" data-e-type=\"widget\" data-widget_type=\"heading.default\">\n\t\t\t\t<div class=\"elementor-widget-container\">\n\t\t\t\t\t<h2 class=\"elementor-heading-title elementor-size-default\">Por favor, rellena el siguiente formulario para ponernos en contacto contigo<\/h2>\t\t\t\t<\/div>\n\t\t\t\t<\/div>\n\t\t\t\t<div class=\"elementor-element elementor-element-40d864b elementor-widget elementor-widget-text-editor\" data-id=\"40d864b\" data-element_type=\"widget\" data-e-type=\"widget\" data-widget_type=\"text-editor.default\">\n\t\t\t\t<div class=\"elementor-widget-container\">\n\t\t\t\t\t\t\t\t\t<style id=\"wpforms-css-vars-5292\">\n\t\t\t\t#wpforms-5292 {\n\t\t\t\t--wpforms-field-border-radius: 0px;\n--wpforms-field-border-color: #BA513E;\n--wpforms-field-border-color-spare: #BA513E;\n--wpforms-field-text-color: #444444;\n--wpforms-label-color: #BA513E;\n--wpforms-label-sublabel-color: #7f7f7f;\n--wpforms-label-error-color: #ff0000;\n--wpforms-button-border-style: solid;\n--wpforms-button-border-radius: 0px;\n--wpforms-button-background-color: #dddddd;\n--wpforms-button-border-color: #cccccc;\n--wpforms-button-text-color: #666666;\n--wpforms-container-padding: 0px;\n--wpforms-container-border-width: 1px;\n--wpforms-container-border-radius: 3px;\n--wpforms-background-color: rgba(0, 0, 0, 0);\n--wpforms-page-break-color: #dddddd;\n--wpforms-field-size-input-height: 43px;\n--wpforms-field-size-input-spacing: 15px;\n--wpforms-field-size-font-size: 16px;\n--wpforms-field-size-line-height: 19px;\n--wpforms-field-size-padding-h: 14px;\n--wpforms-field-size-checkbox-size: 16px;\n--wpforms-field-size-sublabel-spacing: 5px;\n--wpforms-field-size-icon-size: 1;\n--wpforms-label-size-font-size: 14px;\n--wpforms-label-size-line-height: 17px;\n--wpforms-label-size-sublabel-font-size: 13px;\n--wpforms-label-size-sublabel-line-height: 16px;\n--wpforms-button-size-font-size: 17px;\n--wpforms-button-size-height: 41px;\n--wpforms-button-size-padding-h: 15px;\n--wpforms-button-size-margin-top: 10px;\n--wpforms-container-shadow-size-box-shadow: none;\n\t\t\t}\n\t\t\t<\/style><div class=\"wpforms-container wpforms-container-full wpforms-render-modern\" id=\"wpforms-5292\"><form id=\"wpforms-form-5292\" class=\"wpforms-validate wpforms-form wpforms-ajax-form\" data-formid=\"5292\" method=\"post\" enctype=\"multipart\/form-data\" action=\"\/en\/wp-json\/wp\/v2\/pages\/5301\" data-token=\"c6c850c2bdb8561d9adda57e555b409e\" data-token-time=\"1776190892\" data-trp-original-action=\"\/en\/wp-json\/wp\/v2\/pages\/5301\"><noscript class=\"wpforms-error-noscript\">Please enable JavaScript in your browser to complete this form.<\/noscript><div id=\"wpforms-error-noscript\" style=\"display: none;\">Please enable JavaScript in your browser to complete this form.<\/div><div class=\"wpforms-field-container\">\t\t<div id=\"wpforms-5292-field_1-container\"\n\t\t\tclass=\"wpforms-field wpforms-field-text\"\n\t\t\tdata-field-type=\"text\"\n\t\t\tdata-field-id=\"1\"\n\t\t\t>\n\t\t\t<label class=\"wpforms-field-label\" for=\"wpforms-5292-field_1\" >parto actual: beb\u00e9<\/label>\n\t\t\t<input type=\"text\" id=\"wpforms-5292-field_1\" class=\"wpforms-field-medium\" name=\"wpforms[fields][1]\" >\n\t\t<\/div>\n\t\t<div id=\"wpforms-5292-field_2-container\" class=\"wpforms-field wpforms-field-name\" data-field-id=\"2\"><fieldset><legend class=\"wpforms-field-label\">Nombre y Apellidos <span class=\"wpforms-required-label\" aria-hidden=\"true\">*<\/span><\/legend><div class=\"wpforms-field-row wpforms-field-medium\"><div class=\"wpforms-field-row-block wpforms-first wpforms-one-half\"><input type=\"text\" id=\"wpforms-5292-field_2\" class=\"wpforms-field-name-first wpforms-field-required\" name=\"wpforms[fields][2][first]\" aria-errormessage=\"wpforms-5292-field_2-error\" required><label for=\"wpforms-5292-field_2\" class=\"wpforms-field-sublabel after\">First<\/label><\/div><div class=\"wpforms-field-row-block wpforms-one-half\"><input type=\"text\" id=\"wpforms-5292-field_2-last\" class=\"wpforms-field-name-last wpforms-field-required\" name=\"wpforms[fields][2][last]\" aria-errormessage=\"wpforms-5292-field_2-last-error\" required><label for=\"wpforms-5292-field_2-last\" class=\"wpforms-field-sublabel after\">Last<\/label><\/div><\/div><\/fieldset><\/div><div id=\"wpforms-5292-field_10-container\" class=\"wpforms-field wpforms-field-email\" data-field-id=\"10\"><label class=\"wpforms-field-label\" for=\"wpforms-5292-field_10\">Email <span class=\"wpforms-required-label\" aria-hidden=\"true\">*<\/span><\/label><input type=\"email\" id=\"wpforms-5292-field_10\" class=\"wpforms-field-medium wpforms-field-required\" name=\"wpforms[fields][10]\" spellcheck=\"false\" aria-errormessage=\"wpforms-5292-field_10-error\" required><\/div><div id=\"wpforms-5292-field_9-container\" class=\"wpforms-field wpforms-field-text\" data-field-id=\"9\"><label class=\"wpforms-field-label\" for=\"wpforms-5292-field_9\">Tel\u00e9fono de contacto <\/label><input type=\"text\" id=\"wpforms-5292-field_9\" class=\"wpforms-field-medium\" name=\"wpforms[fields][9]\" aria-errormessage=\"wpforms-5292-field_9-error\" ><\/div><div id=\"wpforms-5292-field_4-container\" class=\"wpforms-field wpforms-field-text\" data-field-id=\"4\"><label class=\"wpforms-field-label\" for=\"wpforms-5292-field_4\">Fecha de nacimiento del beb\u00e9 (Semanas de gestaci\u00f3n al nacer):<\/label><input type=\"text\" id=\"wpforms-5292-field_4\" class=\"wpforms-field-medium\" name=\"wpforms[fields][4]\" aria-errormessage=\"wpforms-5292-field_4-error\" ><\/div><div id=\"wpforms-5292-field_8-container\" class=\"wpforms-field wpforms-field-radio\" data-field-id=\"8\"><fieldset><legend class=\"wpforms-field-label\">Tipo de parto <\/legend><ul id=\"wpforms-5292-field_8\"><li class=\"choice-1 depth-1\"><input type=\"radio\" id=\"wpforms-5292-field_8_1\" name=\"wpforms[fields][8]\" value=\"Vaginal\" aria-errormessage=\"wpforms-5292-field_8_1-error\"  ><label class=\"wpforms-field-label-inline\" for=\"wpforms-5292-field_8_1\">Vaginal<\/label><\/li><li class=\"choice-2 depth-1\"><input type=\"radio\" id=\"wpforms-5292-field_8_2\" name=\"wpforms[fields][8]\" value=\"Ces\u00e1rea\" aria-errormessage=\"wpforms-5292-field_8_2-error\"  ><label class=\"wpforms-field-label-inline\" for=\"wpforms-5292-field_8_2\">Ces\u00e1rea<\/label><\/li><\/ul><\/fieldset><\/div><div id=\"wpforms-5292-field_11-container\" class=\"wpforms-field wpforms-field-radio\" data-field-id=\"11\"><fieldset><legend class=\"wpforms-field-label\">Tipo de lactancia actual:<\/legend><ul id=\"wpforms-5292-field_11\"><li class=\"choice-1 depth-1\"><input type=\"radio\" id=\"wpforms-5292-field_11_1\" name=\"wpforms[fields][11]\" value=\"Materna exclusiva.\" aria-errormessage=\"wpforms-5292-field_11_1-error\"  ><label class=\"wpforms-field-label-inline\" for=\"wpforms-5292-field_11_1\">Materna exclusiva.<\/label><\/li><li class=\"choice-2 depth-1\"><input type=\"radio\" id=\"wpforms-5292-field_11_2\" name=\"wpforms[fields][11]\" value=\"Artificial\" aria-errormessage=\"wpforms-5292-field_11_2-error\"  ><label class=\"wpforms-field-label-inline\" for=\"wpforms-5292-field_11_2\">Artificial<\/label><\/li><li class=\"choice-3 depth-1\"><input type=\"radio\" id=\"wpforms-5292-field_11_3\" name=\"wpforms[fields][11]\" value=\"Mixta.\" aria-errormessage=\"wpforms-5292-field_11_3-error\"  ><label class=\"wpforms-field-label-inline\" for=\"wpforms-5292-field_11_3\">Mixta.<\/label><\/li><\/ul><\/fieldset><\/div><div id=\"wpforms-5292-field_6-container\" class=\"wpforms-field wpforms-field-radio\" data-field-id=\"6\"><fieldset><legend class=\"wpforms-field-label\">Motivo de la consulta cl\u00ednica:<\/legend><ul id=\"wpforms-5292-field_6\"><li class=\"choice-1 depth-1\"><input type=\"radio\" id=\"wpforms-5292-field_6_1\" name=\"wpforms[fields][6]\" value=\"Valoraci\u00f3n del agarre y succi\u00f3n (dolor\/grietas).\" aria-errormessage=\"wpforms-5292-field_6_1-error\"  ><label class=\"wpforms-field-label-inline\" for=\"wpforms-5292-field_6_1\">Valoraci\u00f3n del agarre y succi\u00f3n (dolor\/grietas).<\/label><\/li><li class=\"choice-2 depth-1\"><input type=\"radio\" id=\"wpforms-5292-field_6_2\" name=\"wpforms[fields][6]\" value=\"Mastitis o ingurgitaci\u00f3n mamaria.\" aria-errormessage=\"wpforms-5292-field_6_2-error\"  ><label class=\"wpforms-field-label-inline\" for=\"wpforms-5292-field_6_2\">Mastitis o ingurgitaci\u00f3n mamaria.<\/label><\/li><li class=\"choice-3 depth-1\"><input type=\"radio\" id=\"wpforms-5292-field_6_3\" name=\"wpforms[fields][6]\" value=\"Cuidados del reci\u00e9n nacido (ba\u00f1o, sue\u00f1o, c\u00f3licos).\" aria-errormessage=\"wpforms-5292-field_6_3-error\"  ><label class=\"wpforms-field-label-inline\" for=\"wpforms-5292-field_6_3\">Cuidados del reci\u00e9n nacido (ba\u00f1o, sue\u00f1o, c\u00f3licos).<\/label><\/li><li class=\"choice-5 depth-1\"><input type=\"radio\" id=\"wpforms-5292-field_6_5\" name=\"wpforms[fields][6]\" value=\"Dudas sobre la lactancia materna\" aria-errormessage=\"wpforms-5292-field_6_5-error\"  ><label class=\"wpforms-field-label-inline\" for=\"wpforms-5292-field_6_5\">Dudas sobre la lactancia materna<\/label><\/li><li class=\"choice-4 depth-1 wpforms-other-choice\"><input type=\"radio\" id=\"wpforms-5292-field_6_4\" data-other-choice=\"true\" name=\"wpforms[fields][6]\" value=\"Otra diferente\" aria-errormessage=\"wpforms-5292-field_6_4-error\"  ><label class=\"wpforms-field-label-inline\" for=\"wpforms-5292-field_6_4\">Otra diferente<\/label><\/li><\/ul><input type=\"text\" id=\"wpforms-5292-field_6_other\" class=\"wpforms-other-input wpforms-field-required wpforms-field-medium wpforms-hidden\" name=\"wpforms[fields][6][other]\" disabled=\"disabled\" required><\/fieldset><\/div><div id=\"wpforms-5292-field_5-container\" class=\"wpforms-field wpforms-field-text\" data-field-id=\"5\"><label class=\"wpforms-field-label\" for=\"wpforms-5292-field_5\">Breve resumen de la situaci\u00f3n actual<\/label><input type=\"text\" id=\"wpforms-5292-field_5\" class=\"wpforms-field-medium\" name=\"wpforms[fields][5]\" aria-errormessage=\"wpforms-5292-field_5-error\" aria-describedby=\"wpforms-5292-field_5-description\" ><div id=\"wpforms-5292-field_5-description\" class=\"wpforms-field-description\">(Ej: \u00abUso pezoneras pero el beb\u00e9 rechaza el pecho\u00bb o \u00abDudas sobre la cura del cord\u00f3n\u00bb).<\/div><\/div><script>\n\t\t\t\t( function() {\n\t\t\t\t\tconst style = document.createElement( 'style' );\n\t\t\t\t\tstyle.appendChild( document.createTextNode( '#wpforms-5292-field_1-container { position: absolute !important; overflow: hidden !important; display: inline !important; height: 1px !important; width: 1px !important; z-index: -1000 !important; padding: 0 !important; } #wpforms-5292-field_1-container input { visibility: hidden; } #wpforms-conversational-form-page #wpforms-5292-field_1-container label { counter-increment: none; }' ) );\n\t\t\t\t\tdocument.head.appendChild( style );\n\t\t\t\t\tdocument.currentScript?.remove();\n\t\t\t\t} )();\n\t\t\t<\/script><\/div><!-- .wpforms-field-container --><div class=\"wpforms-submit-container\" ><input type=\"hidden\" name=\"wpforms[id]\" value=\"5292\"><input type=\"hidden\" name=\"page_title\" value=\"\"><input type=\"hidden\" name=\"page_url\" value=\"https:\/\/dhalsimyogaestudio.com\/en\/wp-json\/wp\/v2\/pages\/5301\"><input type=\"hidden\" name=\"url_referer\" value=\"\"><button type=\"submit\" name=\"wpforms[submit]\" id=\"wpforms-submit-5292\" class=\"wpforms-submit\" data-alt-text=\"\u00a1Gracias por tu confianza, [Nombre de la madre]!  He recibido correctamente los datos cl\u00ednicos de vuestro caso. Como Enfermera Neonatal, realizar\u00e9 una valoraci\u00f3n previa de la informaci\u00f3n que me has facilitado para que, en cuanto hablemos, podamos ir directas a las soluciones que necesit\u00e1is t\u00fa y tu beb\u00e9.  \u00bfQu\u00e9 ocurre ahora?  Contacto: Me pondr\u00e9 en contacto contigo v\u00eda WhatsApp o llamada en las pr\u00f3ximas [X] horas para cerrar el d\u00eda y la hora de nuestra sesi\u00f3n.  Preparaci\u00f3n: No te preocupes por nada m\u00e1s; durante nuestra consulta resolveremos todas tus dudas y trazaremos un plan personalizado para vuestra lactancia o cuidados.  Si se trata de una urgencia inmediata de salud, por favor, acude a tu servicio de urgencias pedi\u00e1tricas de referencia.  Hablamos muy pronto. Un abrazo,  Beatriz \u2013 Dhalsim Yoga\" data-submit-text=\"Enviar\" aria-live=\"assertive\" value=\"wpforms-submit\">Enviar<\/button><img decoding=\"async\" src=\"https:\/\/dhalsimyogaestudio.com\/wp-content\/plugins\/wpforms-lite\/assets\/images\/submit-spin.svg\" class=\"wpforms-submit-spinner\" style=\"display: none;\" width=\"26\" height=\"26\" alt=\"Loading\"><\/div><input type=\"hidden\" name=\"trp-form-language\" value=\"en\"\/><\/form><\/div>  <!-- .wpforms-container -->\t\t\t\t\t\t\t\t<\/div>\n\t\t\t\t<\/div>\n\t\t\t\t<div class=\"elementor-element elementor-element-1c1c8b1 elementor-widget elementor-widget-text-editor\" data-id=\"1c1c8b1\" data-element_type=\"widget\" data-e-type=\"widget\" data-widget_type=\"text-editor.default\">\n\t\t\t\t<div class=\"elementor-widget-container\">\n\t\t\t\t\t\t\t\t\t<p>En cumplimiento del art\u00edculo 13 REGLAMENTO (UE) 2016\/679 DEL PARLAMENTO EUROPEO Y DEL CONSEJO de 27 de abril de 2016 relativo a la protecci\u00f3n de las personas f\u00edsicas en lo que respecta al tratamiento de datos personales y a la libre circulaci\u00f3n de estos datos (en lo sucesivo RGPD), as\u00ed como la Ley Org\u00e1nica 3\/2018, de 5 de diciembre, de Protecci\u00f3n de Datos Personales y garant\u00eda de los derechos digitales (en lo sucesivo LOPD \u2013 GDD), le informamos que en Dhalsim Yoga tratamos la informaci\u00f3n que nos facilita con el fin de gestionar y prestar el servicio contratado, as\u00ed como para enviarle publicidad relacionada con nuestros servicios por cualquier medio (postal, email o tel\u00e9fono) e invitarle a eventos organizados por nosotros. El tratamiento de sus datos se basa en la ejecuci\u00f3n de un contrato (art\u00edculo 6.1.b RGPD), as\u00ed como en su consentimiento expreso (art\u00edculo 6.1. a RGPD). No se ceder\u00e1n datos a terceros, salvo obligaci\u00f3n legal. Puede acceder, rectificar y suprimir los datos, as\u00ed\u0301como otros derechos, como se explica en la informaci\u00f3n adicional. Puede consultar la informaci\u00f3n adicional y detallada<br \/>sobre protecci\u00f3n de Datos en nuestra p\u00e1gina web: dhalsimyogaestudio.com escribiendo a dhalsimyogaestudio@gmail.com.<\/p>\t\t\t\t\t\t\t\t<\/div>\n\t\t\t\t<\/div>\n\t\t\t\t\t<\/div>\n\t\t\t\t<\/div>\n\t\t\t\t<\/div>","protected":false},"excerpt":{"rendered":"<p>Por favor, rellena el siguiente formulario para ponernos en contacto contigo En cumplimiento del art\u00edculo 13 REGLAMENTO (UE) 2016\/679 DEL PARLAMENTO EUROPEO Y DEL CONSEJO de 27 de abril de 2016 relativo a la protecci\u00f3n de las personas f\u00edsicas en lo que respecta al tratamiento de datos personales y a la libre circulaci\u00f3n de estos datos (en lo sucesivo RGPD), as\u00ed como la Ley Org\u00e1nica 3\/2018, de 5 de diciembre, de Protecci\u00f3n de Datos Personales y garant\u00eda de los derechos digitales (en lo sucesivo LOPD \u2013 GDD), le informamos que en Dhalsim Yoga tratamos la informaci\u00f3n que nos facilita con el fin de gestionar y prestar el servicio contratado, as\u00ed como para enviarle publicidad relacionada con nuestros servicios por cualquier medio (postal, email o tel\u00e9fono) e invitarle a eventos organizados por nosotros. El tratamiento de sus datos se basa en la ejecuci\u00f3n de un contrato (art\u00edculo 6.1.b RGPD), as\u00ed como en su consentimiento expreso (art\u00edculo 6.1. a RGPD). No se ceder\u00e1n datos a terceros, salvo obligaci\u00f3n legal. Puede acceder, rectificar y suprimir los datos, as\u00ed\u0301como otros derechos, como se explica en la informaci\u00f3n adicional. Puede consultar la informaci\u00f3n adicional y detalladasobre protecci\u00f3n de Datos en nuestra p\u00e1gina web: dhalsimyogaestudio.com escribiendo a dhalsimyogaestudio@gmail.com.<\/p>","protected":false},"author":1,"featured_media":0,"parent":0,"menu_order":0,"comment_status":"closed","ping_status":"closed","template":"","meta":{"_price":"","_stock":"","_tribe_ticket_header":"","_tribe_default_ticket_provider":"","_tribe_ticket_capacity":"0","_ticket_start_date":"","_ticket_end_date":"","_tribe_ticket_show_description":"","_tribe_ticket_show_not_going":false,"_tribe_ticket_use_global_stock":"","_tribe_ticket_global_stock_level":"","_global_stock_mode":"","_global_stock_cap":"","_tribe_rsvp_for_event":"","_tribe_ticket_going_count":"","_tribe_ticket_not_going_count":"","_tribe_tickets_list":"[]","_tribe_ticket_has_attendee_info_fields":false,"footnotes":"","_tec_slr_enabled":"","_tec_slr_layout":""},"class_list":["post-5301","page","type-page","status-publish","hentry"],"ticketed":false,"_links":{"self":[{"href":"https:\/\/dhalsimyogaestudio.com\/en\/wp-json\/wp\/v2\/pages\/5301","targetHints":{"allow":["GET"]}}],"collection":[{"href":"https:\/\/dhalsimyogaestudio.com\/en\/wp-json\/wp\/v2\/pages"}],"about":[{"href":"https:\/\/dhalsimyogaestudio.com\/en\/wp-json\/wp\/v2\/types\/page"}],"author":[{"embeddable":true,"href":"https:\/\/dhalsimyogaestudio.com\/en\/wp-json\/wp\/v2\/users\/1"}],"replies":[{"embeddable":true,"href":"https:\/\/dhalsimyogaestudio.com\/en\/wp-json\/wp\/v2\/comments?post=5301"}],"version-history":[{"count":4,"href":"https:\/\/dhalsimyogaestudio.com\/en\/wp-json\/wp\/v2\/pages\/5301\/revisions"}],"predecessor-version":[{"id":5305,"href":"https:\/\/dhalsimyogaestudio.com\/en\/wp-json\/wp\/v2\/pages\/5301\/revisions\/5305"}],"wp:attachment":[{"href":"https:\/\/dhalsimyogaestudio.com\/en\/wp-json\/wp\/v2\/media?parent=5301"}],"curies":[{"name":"wp","href":"https:\/\/api.w.org\/{rel}","templated":true}]}}