{"id":676,"date":"2025-04-26T12:35:56","date_gmt":"2025-04-26T10:35:56","guid":{"rendered":"https:\/\/dhalsimyogaestudio.com\/?page_id=676"},"modified":"2026-03-15T05:19:39","modified_gmt":"2026-03-15T04:19:39","slug":"terms","status":"publish","type":"page","link":"https:\/\/dhalsimyogaestudio.com\/en\/terms\/","title":{"rendered":"Terminos"},"content":{"rendered":"<div data-elementor-type=\"wp-page\" data-elementor-id=\"676\" class=\"elementor elementor-676\">\n\t\t\t\t<div class=\"elementor-element elementor-element-c5898d9 e-flex e-con-boxed wpr-particle-no wpr-jarallax-no wpr-parallax-no wpr-sticky-section-no wpr-equal-height-no e-con e-parent\" data-id=\"c5898d9\" data-element_type=\"container\" data-e-type=\"container\">\n\t\t\t\t\t<div class=\"e-con-inner\">\n\t\t\t\t<div class=\"elementor-element elementor-element-b25e79e elementor-widget elementor-widget-text-editor\" data-id=\"b25e79e\" data-element_type=\"widget\" data-e-type=\"widget\" data-widget_type=\"text-editor.default\">\n\t\t\t\t<div class=\"elementor-widget-container\">\n\t\t\t\t\t\t\t\t\t<h2><b>T\u00c9RMINOS Y CONDICIONES PARA CLASES DE YOGA EN DHALSIM YOGA ESTUDIO<\/b><\/h2><h3><b>1. Datos del Prestador del Servicio<\/b><\/h3><p><span style=\"font-weight: 400;\">Nombre: Beatriz Soto P\u00e9rez<\/span><span style=\"font-weight: 400;\"><br \/><\/span><span style=\"font-weight: 400;\">Domicilio: Online\/Aire libre<\/span><span style=\"font-weight: 400;\"><br \/><\/span><span style=\"font-weight: 400;\">Email de contacto: dhalsimyogaestudio@gmail.com<\/span><span style=\"font-weight: 400;\"><br \/><\/span><span style=\"font-weight: 400;\">Tel\u00e9fono: [n\u00famero de contacto]<\/span><\/p><h3><b>2. Descripci\u00f3n del Servicio<\/b><\/h3><p><span style=\"font-weight: 400;\">Se ofrecen clases de yoga dirigidas por una instructora\u00a0 cualificada en Hatha yoga, Prana Vinyasa Flow y Yoga pdurante el embarazo, postparto y con beb\u00e9s en modalidad presencial al aire libre, online y a domicilio, con posibilidad de sesiones grupales o individuales.<\/span><\/p><h3><b>3. Requisitos del Alumno<\/b><\/h3><ul><li style=\"font-weight: 400;\" aria-level=\"1\"><span style=\"font-weight: 400;\">Ser mayor de 18 a\u00f1os o contar con autorizaci\u00f3n escrita de padres\/tutores.<\/span><\/li><li style=\"font-weight: 400;\" aria-level=\"1\"><span style=\"font-weight: 400;\">Informar sobre condiciones m\u00e9dicas o f\u00edsicas relevantes antes de iniciar las clases.<\/span><\/li><li aria-level=\"1\">Entregar un certificado m\u00e9dico indicando que puede realizar la pr\u00e1ctica de yoga en caso de yoga durante el embarazo\/ postparto\/ yoga beb\u00e9 y mam\u00e1.<\/li><li style=\"font-weight: 400;\" aria-level=\"1\"><span style=\"font-weight: 400;\">Asistir con ropa c\u00f3moda y esterilla (en caso de clases presenciales).<\/span><\/li><\/ul><h3><b>4. Inscripci\u00f3n y Pago<\/b><\/h3><ul><li style=\"font-weight: 400;\" aria-level=\"1\"><span style=\"font-weight: 400;\">La inscripci\u00f3n ser\u00e1 efectiva una vez recibido el pago correspondiente.<\/span><\/li><li style=\"font-weight: 400;\" aria-level=\"1\"><span style=\"font-weight: 400;\">Los pagos se pueden realizar por transferencia bancaria.<\/span><\/li><li style=\"font-weight: 400;\" aria-level=\"1\"><span style=\"font-weight: 400;\">Los precios incluyen el IVA correspondiente.<\/span><\/li><\/ul><h3><b>5. Pol\u00edtica de Cancelaci\u00f3n,\u00a0 reembolsos y promociones<\/b><\/h3><ul><li><p class=\"default\">Puedes modificar el d\u00eda y la hora de tu reserva f\u00e1cilmente haciendo clic en el bot\u00f3n\u00a0<b data-path-to-node=\"5,1,0,0\" data-index-in-node=\"103\">\u00abTransferir\u00bb<\/b>\u00a0hasta 2 horas antes del inicio.<\/p><\/li><li><p class=\"default\"><b data-path-to-node=\"5,1,1,0\" data-index-in-node=\"0\">Importante:<\/b>\u00a0No se realizan devoluciones del importe; el sistema te permitir\u00e1 elegir una nueva fecha que te encaje.<\/p><\/li><li style=\"font-weight: 400;\" aria-level=\"1\"><span style=\"font-weight: 400;\">En caso de suspensi\u00f3n por parte del instructor, se ofrecer\u00e1 una nueva fecha o reembolso.<\/span><\/li><li style=\"font-weight: 400;\" aria-level=\"1\"><span style=\"font-weight: 400;\">En caso de cancelaci\u00f3n por parte metereol\u00f3gico se ofrecer\u00e1 recuperar la clase en otra fecha sin coste extra.<\/span><\/li><li aria-level=\"1\">Las promociones no son acumulables.<\/li><li aria-level=\"1\">Las promociones no son canjeables para eventos especiales.<\/li><\/ul><h3><b>6. Responsabilidad<\/b><\/h3><ul><li style=\"font-weight: 400;\" aria-level=\"1\"><span style=\"font-weight: 400;\">El alumno\/a participa bajo su propia responsabilidad.<\/span><\/li><li style=\"font-weight: 400;\" aria-level=\"1\"><span style=\"font-weight: 400;\">El instructor no se hace responsable de lesiones producidas por un uso inadecuado de las t\u00e9cnicas o por no seguir las indicaciones.<\/span><\/li><li style=\"font-weight: 400;\" aria-level=\"1\"><span style=\"font-weight: 400;\">Se recomienda consultar a un m\u00e9dico antes de comenzar cualquier actividad f\u00edsica.<\/span><\/li><li style=\"font-weight: 400;\" aria-level=\"1\"><span style=\"font-weight: 400;\">El alumno es el responsable de informar sobre cualquier dolencia que padezca.<\/span><\/li><li style=\"font-weight: 400;\" aria-level=\"1\"><span style=\"font-weight: 400;\">Es obligatorio en el caso de embarazadas y de las madres que acuden a las clases de yoga postparto y de beb\u00e9 y mam\u00e1 que presenten un certificado ginecol\u00f3gico indicando que pueden realizar la pr\u00e1ctica.<\/span><\/li><\/ul><h3><b>7. Propiedad Intelectual<\/b><\/h3><ul><li style=\"font-weight: 400;\" aria-level=\"1\"><span style=\"font-weight: 400;\">Todo el contenido compartido (videos, gu\u00edas, etc.) es propiedad del instructor y no puede ser distribuido ni reproducido sin autorizaci\u00f3n.<\/span><\/li><li style=\"font-weight: 400;\" aria-level=\"1\"><span style=\"font-weight: 400;\">Durante las clases se grabar\u00e1 y se realizar\u00e1n videos con fines de publicidad.<\/span><\/li><\/ul><h3><b>8. Protecci\u00f3n de Datos<\/b><\/h3><ul><li style=\"font-weight: 400;\" aria-level=\"1\"><span style=\"font-weight: 400;\">Los datos personales recogidos ser\u00e1n tratados de acuerdo con el Reglamento (UE) 2016\/679 (RGPD) y la Ley Org\u00e1nica 3\/2018 (LOPDGDD).<\/span><\/li><li style=\"font-weight: 400;\" aria-level=\"1\"><span style=\"font-weight: 400;\">El alumno puede ejercer sus derechos de acceso, rectificaci\u00f3n y cancelaci\u00f3n escribiendo a dhalsimyogaestudio@gmail.com\u00a0<\/span><\/li><\/ul><h3><b>9. Modificaciones<\/b><\/h3><ul><li style=\"font-weight: 400;\" aria-level=\"1\"><span style=\"font-weight: 400;\">Estos t\u00e9rminos pueden ser modificados. Se notificar\u00e1 a los alumnos con al menos 7 d\u00edas de antelaci\u00f3n.<\/span><\/li><\/ul><h3><b>10. Jurisdicci\u00f3n<\/b><\/h3><ul><li style=\"font-weight: 400;\" aria-level=\"1\"><span style=\"font-weight: 400;\">Para cualquier conflicto que pudiera surgir, ambas partes se someten a los Juzgados y Tribunales de Madrid, renunciando a su propio fuero.<\/span><\/li><\/ul>\t\t\t\t\t\t\t\t<\/div>\n\t\t\t\t<\/div>\n\t\t\t\t\t<\/div>\n\t\t\t\t<\/div>\n\t\t<div class=\"elementor-element elementor-element-c910887 e-grid e-con-boxed wpr-particle-no wpr-jarallax-no wpr-parallax-no wpr-sticky-section-no wpr-equal-height-no e-con e-parent\" data-id=\"c910887\" data-element_type=\"container\" data-e-type=\"container\">\n\t\t\t\t\t<div class=\"e-con-inner\">\n\t\t\t\t\t<\/div>\n\t\t\t\t<\/div>\n\t\t<div class=\"elementor-element elementor-element-cbade00 e-flex e-con-boxed wpr-particle-no wpr-jarallax-no wpr-parallax-no wpr-sticky-section-no wpr-equal-height-no e-con e-parent\" data-id=\"cbade00\" data-element_type=\"container\" data-e-type=\"container\">\n\t\t\t\t\t<div class=\"e-con-inner\">\n\t\t\t\t\t<\/div>\n\t\t\t\t<\/div>\n\t\t\t\t<\/div>","protected":false},"excerpt":{"rendered":"<p>T\u00c9RMINOS Y CONDICIONES PARA CLASES DE YOGA EN DHALSIM YOGA ESTUDIO 1. Datos del Prestador del Servicio Nombre: Beatriz Soto P\u00e9rezDomicilio: Online\/Aire libreEmail de contacto: dhalsimyogaestudio@gmail.comTel\u00e9fono: [n\u00famero de contacto] 2. Descripci\u00f3n del Servicio Se ofrecen clases de yoga dirigidas por una instructora\u00a0 cualificada en Hatha yoga, Prana Vinyasa Flow y Yoga pdurante el embarazo, postparto y con beb\u00e9s en modalidad presencial al aire libre, online y a domicilio, con posibilidad de sesiones grupales o individuales. 3. Requisitos del Alumno Ser mayor de 18 a\u00f1os o contar con autorizaci\u00f3n escrita de padres\/tutores. Informar sobre condiciones m\u00e9dicas o f\u00edsicas relevantes antes de iniciar las clases. Entregar un certificado m\u00e9dico indicando que puede realizar la pr\u00e1ctica de yoga en caso de yoga durante el embarazo\/ postparto\/ yoga beb\u00e9 y mam\u00e1. Asistir con ropa c\u00f3moda y esterilla (en caso de clases presenciales). 4. Inscripci\u00f3n y Pago La inscripci\u00f3n ser\u00e1 efectiva una vez recibido el pago correspondiente. Los pagos se pueden realizar por transferencia bancaria. Los precios incluyen el IVA correspondiente. 5. Pol\u00edtica de Cancelaci\u00f3n,\u00a0 reembolsos y promociones Puedes modificar el d\u00eda y la hora de tu reserva f\u00e1cilmente haciendo clic en el bot\u00f3n\u00a0\u00abTransferir\u00bb\u00a0hasta 2 horas antes del inicio. Importante:\u00a0No se realizan devoluciones del importe; el sistema te permitir\u00e1 elegir una nueva fecha que te encaje. En caso de suspensi\u00f3n por parte del instructor, se ofrecer\u00e1 una nueva fecha o reembolso. En caso de cancelaci\u00f3n por parte metereol\u00f3gico se ofrecer\u00e1 recuperar la clase en otra fecha sin coste extra. Las promociones no son acumulables. Las promociones no son canjeables para eventos especiales. 6. Responsabilidad El alumno\/a participa bajo su propia responsabilidad. El instructor no se hace responsable de lesiones producidas por un uso inadecuado de las t\u00e9cnicas o por no seguir las indicaciones. Se recomienda consultar a un m\u00e9dico antes de comenzar cualquier actividad f\u00edsica. El alumno es el responsable de informar sobre cualquier dolencia que padezca. Es obligatorio en el caso de embarazadas y de las madres que acuden a las clases de yoga postparto y de beb\u00e9 y mam\u00e1 que presenten un certificado ginecol\u00f3gico indicando que pueden realizar la pr\u00e1ctica. 7. Propiedad Intelectual Todo el contenido compartido (videos, gu\u00edas, etc.) es propiedad del instructor y no puede ser distribuido ni reproducido sin autorizaci\u00f3n. Durante las clases se grabar\u00e1 y se realizar\u00e1n videos con fines de publicidad. 8. Protecci\u00f3n de Datos Los datos personales recogidos ser\u00e1n tratados de acuerdo con el Reglamento (UE) 2016\/679 (RGPD) y la Ley Org\u00e1nica 3\/2018 (LOPDGDD). El alumno puede ejercer sus derechos de acceso, rectificaci\u00f3n y cancelaci\u00f3n escribiendo a dhalsimyogaestudio@gmail.com\u00a0 9. Modificaciones Estos t\u00e9rminos pueden ser modificados. Se notificar\u00e1 a los alumnos con al menos 7 d\u00edas de antelaci\u00f3n. 10. Jurisdicci\u00f3n Para cualquier conflicto que pudiera surgir, ambas partes se someten a los Juzgados y Tribunales de Madrid, renunciando a su propio fuero.<\/p>","protected":false},"author":1,"featured_media":0,"parent":0,"menu_order":0,"comment_status":"closed","ping_status":"closed","template":"","meta":{"_price":"","_stock":"","_tribe_ticket_header":"","_tribe_default_ticket_provider":"","_tribe_ticket_capacity":"0","_ticket_start_date":"","_ticket_end_date":"","_tribe_ticket_show_description":"","_tribe_ticket_show_not_going":false,"_tribe_ticket_use_global_stock":"","_tribe_ticket_global_stock_level":"","_global_stock_mode":"","_global_stock_cap":"","_tribe_rsvp_for_event":"","_tribe_ticket_going_count":"","_tribe_ticket_not_going_count":"","_tribe_tickets_list":"[]","_tribe_ticket_has_attendee_info_fields":false,"footnotes":"","_tec_slr_enabled":"","_tec_slr_layout":""},"class_list":["post-676","page","type-page","status-publish","hentry"],"ticketed":false,"_links":{"self":[{"href":"https:\/\/dhalsimyogaestudio.com\/en\/wp-json\/wp\/v2\/pages\/676","targetHints":{"allow":["GET"]}}],"collection":[{"href":"https:\/\/dhalsimyogaestudio.com\/en\/wp-json\/wp\/v2\/pages"}],"about":[{"href":"https:\/\/dhalsimyogaestudio.com\/en\/wp-json\/wp\/v2\/types\/page"}],"author":[{"embeddable":true,"href":"https:\/\/dhalsimyogaestudio.com\/en\/wp-json\/wp\/v2\/users\/1"}],"replies":[{"embeddable":true,"href":"https:\/\/dhalsimyogaestudio.com\/en\/wp-json\/wp\/v2\/comments?post=676"}],"version-history":[{"count":20,"href":"https:\/\/dhalsimyogaestudio.com\/en\/wp-json\/wp\/v2\/pages\/676\/revisions"}],"predecessor-version":[{"id":5285,"href":"https:\/\/dhalsimyogaestudio.com\/en\/wp-json\/wp\/v2\/pages\/676\/revisions\/5285"}],"wp:attachment":[{"href":"https:\/\/dhalsimyogaestudio.com\/en\/wp-json\/wp\/v2\/media?parent=676"}],"curies":[{"name":"wp","href":"https:\/\/api.w.org\/{rel}","templated":true}]}}