{"id":834,"date":"2025-05-23T16:12:53","date_gmt":"2025-05-23T14:12:53","guid":{"rendered":"https:\/\/dhalsimyogaestudio.com\/?page_id=834"},"modified":"2026-02-19T20:10:10","modified_gmt":"2026-02-19T19:10:10","slug":"cuestionario-embarazadas","status":"publish","type":"page","link":"https:\/\/dhalsimyogaestudio.com\/en\/cuestionario-embarazadas\/","title":{"rendered":"Cuestionario Salud Embarazadas [Form]"},"content":{"rendered":"<div data-elementor-type=\"wp-page\" data-elementor-id=\"834\" class=\"elementor elementor-834\">\n\t\t\t\t<div class=\"elementor-element elementor-element-8c1799d e-flex e-con-boxed wpr-particle-no wpr-jarallax-no wpr-parallax-no wpr-sticky-section-no wpr-equal-height-no e-con e-parent\" data-id=\"8c1799d\" data-element_type=\"container\" data-e-type=\"container\">\n\t\t\t\t\t<div class=\"e-con-inner\">\n\t\t\t\t<div class=\"elementor-element elementor-element-57a6cbf elementor-widget elementor-widget-heading\" data-id=\"57a6cbf\" data-element_type=\"widget\" data-e-type=\"widget\" data-widget_type=\"heading.default\">\n\t\t\t\t<div class=\"elementor-widget-container\">\n\t\t\t\t\t<h2 class=\"elementor-heading-title elementor-size-default\">Cuestionario De Salud Para La Pr\u00e1ctica de Yoga en embarazadas<\/h2>\t\t\t\t<\/div>\n\t\t\t\t<\/div>\n\t\t\t\t<div class=\"elementor-element elementor-element-9b86349 elementor-widget elementor-widget-wpforms\" data-id=\"9b86349\" data-element_type=\"widget\" data-e-type=\"widget\" data-widget_type=\"wpforms.default\">\n\t\t\t\t<div class=\"elementor-widget-container\">\n\t\t\t\t\t<div class=\"wpforms-container wpforms-container-full wpforms-render-modern\" id=\"wpforms-836\"><form id=\"wpforms-form-836\" class=\"wpforms-validate wpforms-form wpforms-ajax-form\" data-formid=\"836\" method=\"post\" enctype=\"multipart\/form-data\" action=\"\/en\/wp-json\/wp\/v2\/pages\/834\" data-token=\"871fec9bfcbc627763365e287e6b416a\" data-token-time=\"1776709459\" data-trp-original-action=\"\/en\/wp-json\/wp\/v2\/pages\/834\"><noscript class=\"wpforms-error-noscript\">Please enable JavaScript in your browser to complete this form.<\/noscript><div id=\"wpforms-error-noscript\" style=\"display: none;\">Please enable JavaScript in your browser to complete this form.<\/div><div class=\"wpforms-field-container\"><div id=\"wpforms-836-field_1-container\" class=\"wpforms-field wpforms-field-name\" data-field-id=\"1\"><fieldset><legend class=\"wpforms-field-label\">Nombre <span class=\"wpforms-required-label\" aria-hidden=\"true\">*<\/span><\/legend><div class=\"wpforms-field-row wpforms-field-medium\"><div class=\"wpforms-field-row-block wpforms-first wpforms-one-half\"><input type=\"text\" id=\"wpforms-836-field_1\" class=\"wpforms-field-name-first wpforms-field-required\" name=\"wpforms[fields][1][first]\" aria-errormessage=\"wpforms-836-field_1-error\" required><label for=\"wpforms-836-field_1\" class=\"wpforms-field-sublabel after\">First<\/label><\/div><div class=\"wpforms-field-row-block wpforms-one-half\"><input type=\"text\" id=\"wpforms-836-field_1-last\" class=\"wpforms-field-name-last wpforms-field-required\" name=\"wpforms[fields][1][last]\" aria-errormessage=\"wpforms-836-field_1-last-error\" required><label for=\"wpforms-836-field_1-last\" class=\"wpforms-field-sublabel after\">Last<\/label><\/div><\/div><\/fieldset><\/div><div id=\"wpforms-836-field_3-container\" class=\"wpforms-field wpforms-field-number\" data-field-id=\"3\"><label class=\"wpforms-field-label\" for=\"wpforms-836-field_3\">Tel\u00e9fono<\/label><input type=\"number\" id=\"wpforms-836-field_3\" class=\"wpforms-field-medium\" name=\"wpforms[fields][3]\" step=\"any\" aria-errormessage=\"wpforms-836-field_3-error\" ><\/div><div id=\"wpforms-836-field_4-container\" class=\"wpforms-field wpforms-field-email\" data-field-id=\"4\"><label class=\"wpforms-field-label\" for=\"wpforms-836-field_4\">Email <span class=\"wpforms-required-label\" aria-hidden=\"true\">*<\/span><\/label><input type=\"email\" id=\"wpforms-836-field_4\" class=\"wpforms-field-medium wpforms-field-required\" name=\"wpforms[fields][4]\" spellcheck=\"false\" aria-errormessage=\"wpforms-836-field_4-error\" required><\/div><div id=\"wpforms-836-field_8-container\" class=\"wpforms-field wpforms-field-number\" data-field-id=\"8\"><label class=\"wpforms-field-label\" for=\"wpforms-836-field_8\">Edad<\/label><input type=\"number\" id=\"wpforms-836-field_8\" class=\"wpforms-field-medium\" name=\"wpforms[fields][8]\" step=\"any\" aria-errormessage=\"wpforms-836-field_8-error\" ><\/div><div id=\"wpforms-836-field_9-container\" class=\"wpforms-field wpforms-field-text\" data-field-id=\"9\"><label class=\"wpforms-field-label\" for=\"wpforms-836-field_9\">Fecha estimada de parto<\/label><input type=\"text\" id=\"wpforms-836-field_9\" class=\"wpforms-field-medium\" name=\"wpforms[fields][9]\" aria-errormessage=\"wpforms-836-field_9-error\" ><\/div><div id=\"wpforms-836-field_10-container\" class=\"wpforms-field wpforms-field-checkbox\" data-field-id=\"10\"><fieldset><legend class=\"wpforms-field-label\">\u00bfPrimer embarazo?<\/legend><ul id=\"wpforms-836-field_10\"><li class=\"choice-1 depth-1\"><input type=\"checkbox\" id=\"wpforms-836-field_10_1\" name=\"wpforms[fields][10][]\" value=\"Si\" aria-errormessage=\"wpforms-836-field_10_1-error\"  ><label class=\"wpforms-field-label-inline\" for=\"wpforms-836-field_10_1\">Si<\/label><\/li><li class=\"choice-2 depth-1\"><input type=\"checkbox\" id=\"wpforms-836-field_10_2\" name=\"wpforms[fields][10][]\" value=\"No\" aria-errormessage=\"wpforms-836-field_10_2-error\"  ><label class=\"wpforms-field-label-inline\" for=\"wpforms-836-field_10_2\">No<\/label><\/li><\/ul><\/fieldset><\/div><div id=\"wpforms-836-field_12-container\" class=\"wpforms-field wpforms-field-text\" data-field-id=\"12\"><label class=\"wpforms-field-label\" for=\"wpforms-836-field_12\">Semanas de gestaci\u00f3n actuales<\/label><input type=\"text\" id=\"wpforms-836-field_12\" class=\"wpforms-field-medium\" name=\"wpforms[fields][12]\" aria-errormessage=\"wpforms-836-field_12-error\" ><\/div>\t\t<div id=\"wpforms-836-field_2-container\"\n\t\t\tclass=\"wpforms-field wpforms-field-text\"\n\t\t\tdata-field-type=\"text\"\n\t\t\tdata-field-id=\"2\"\n\t\t\t>\n\t\t\t<label class=\"wpforms-field-label\" for=\"wpforms-836-field_2\" >la que Semanas<\/label>\n\t\t\t<input type=\"text\" id=\"wpforms-836-field_2\" class=\"wpforms-field-medium\" name=\"wpforms[fields][2]\" >\n\t\t<\/div>\n\t\t<div id=\"wpforms-836-field_13-container\" class=\"wpforms-field wpforms-field-checkbox\" data-field-id=\"13\"><fieldset><legend class=\"wpforms-field-label\"> Confirmaci\u00f3n verbal del m\u00e9dico para la pr\u00e1ctica de la actividad<\/legend><ul id=\"wpforms-836-field_13\"><li class=\"choice-1 depth-1\"><input type=\"checkbox\" id=\"wpforms-836-field_13_1\" name=\"wpforms[fields][13][]\" value=\"Si\" aria-errormessage=\"wpforms-836-field_13_1-error\"  ><label class=\"wpforms-field-label-inline\" for=\"wpforms-836-field_13_1\">Si<\/label><\/li><li class=\"choice-2 depth-1\"><input type=\"checkbox\" id=\"wpforms-836-field_13_2\" name=\"wpforms[fields][13][]\" value=\"No\" aria-errormessage=\"wpforms-836-field_13_2-error\"  ><label class=\"wpforms-field-label-inline\" for=\"wpforms-836-field_13_2\">No<\/label><\/li><\/ul><\/fieldset><\/div><div id=\"wpforms-836-field_14-container\" class=\"wpforms-field wpforms-field-text\" data-field-id=\"14\"><label class=\"wpforms-field-label\" for=\"wpforms-836-field_14\">\u00bfTienes alguna condici\u00f3n m\u00e9dica actual (diabetes, hipertensi\u00f3n, etc.)?<\/label><input type=\"text\" id=\"wpforms-836-field_14\" class=\"wpforms-field-medium\" name=\"wpforms[fields][14]\" aria-errormessage=\"wpforms-836-field_14-error\" ><\/div><div id=\"wpforms-836-field_15-container\" class=\"wpforms-field wpforms-field-text\" data-field-id=\"15\"><label class=\"wpforms-field-label\" for=\"wpforms-836-field_15\">\u00bfTomas alg\u00fan medicamento actualmente?<\/label><input type=\"text\" id=\"wpforms-836-field_15\" class=\"wpforms-field-medium\" name=\"wpforms[fields][15]\" aria-errormessage=\"wpforms-836-field_15-error\" ><\/div><div id=\"wpforms-836-field_16-container\" class=\"wpforms-field wpforms-field-text\" data-field-id=\"16\"><label class=\"wpforms-field-label\" for=\"wpforms-836-field_16\">\u00bfHas tenido complicaciones durante este embarazo (sangrado, contracciones prematuras, etc.)?<\/label><input type=\"text\" id=\"wpforms-836-field_16\" class=\"wpforms-field-medium\" name=\"wpforms[fields][16]\" aria-errormessage=\"wpforms-836-field_16-error\" ><\/div><div id=\"wpforms-836-field_17-container\" class=\"wpforms-field wpforms-field-text\" data-field-id=\"17\"><label class=\"wpforms-field-label\" for=\"wpforms-836-field_17\">\u00bfHas sido recomendada por un m\u00e9dico para hacer ejercicio f\u00edsico?\u00bfTe han dado alguna restricci\u00f3n espec\u00edfica?<\/label><input type=\"text\" id=\"wpforms-836-field_17\" class=\"wpforms-field-medium\" name=\"wpforms[fields][17]\" aria-errormessage=\"wpforms-836-field_17-error\" ><\/div><div id=\"wpforms-836-field_18-container\" class=\"wpforms-field wpforms-field-text\" data-field-id=\"18\"><label class=\"wpforms-field-label\" for=\"wpforms-836-field_18\">\u00bfHas tenido embarazos anteriores con complicaciones?<\/label><input type=\"text\" id=\"wpforms-836-field_18\" class=\"wpforms-field-medium\" name=\"wpforms[fields][18]\" aria-errormessage=\"wpforms-836-field_18-error\" ><\/div><div id=\"wpforms-836-field_19-container\" class=\"wpforms-field wpforms-field-text\" data-field-id=\"19\"><label class=\"wpforms-field-label\" for=\"wpforms-836-field_19\">\u00bfHas tenido partos por ces\u00e1rea?<\/label><input type=\"text\" id=\"wpforms-836-field_19\" class=\"wpforms-field-medium\" name=\"wpforms[fields][19]\" aria-errormessage=\"wpforms-836-field_19-error\" ><\/div><div id=\"wpforms-836-field_20-container\" class=\"wpforms-field wpforms-field-text\" data-field-id=\"20\"><label class=\"wpforms-field-label\" for=\"wpforms-836-field_20\">\u00bfPracticaste yoga antes del embarazo?<\/label><input type=\"text\" id=\"wpforms-836-field_20\" class=\"wpforms-field-medium\" name=\"wpforms[fields][20]\" aria-errormessage=\"wpforms-836-field_20-error\" ><\/div><div id=\"wpforms-836-field_21-container\" class=\"wpforms-field wpforms-field-text\" data-field-id=\"21\"><label class=\"wpforms-field-label\" for=\"wpforms-836-field_21\">\u00bfHas hecho alguna otra actividad f\u00edsica durante el embarazo?<\/label><input type=\"text\" id=\"wpforms-836-field_21\" class=\"wpforms-field-medium\" name=\"wpforms[fields][21]\" aria-errormessage=\"wpforms-836-field_21-error\" ><\/div><div id=\"wpforms-836-field_22-container\" class=\"wpforms-field wpforms-field-text\" data-field-id=\"22\"><label class=\"wpforms-field-label\" for=\"wpforms-836-field_22\">\u00bfTienes alguna molestia actual que deba tenerse en cuenta durante la clase? (Dolor lumbar, ci\u00e1tica, presi\u00f3n en la pelvis, n\u00e1useas, etc.)<\/label><input type=\"text\" id=\"wpforms-836-field_22\" class=\"wpforms-field-medium\" name=\"wpforms[fields][22]\" aria-errormessage=\"wpforms-836-field_22-error\" ><\/div><div id=\"wpforms-836-field_23-container\" class=\"wpforms-field wpforms-field-text\" data-field-id=\"23\"><label class=\"wpforms-field-label\" for=\"wpforms-836-field_23\"> \u00bfTienes alguna inquietud o miedo relacionado con el parto o el embarazo que quieras compartir?<\/label><input type=\"text\" id=\"wpforms-836-field_23\" class=\"wpforms-field-medium\" name=\"wpforms[fields][23]\" aria-errormessage=\"wpforms-836-field_23-error\" ><\/div><div id=\"wpforms-836-field_24-container\" class=\"wpforms-field wpforms-field-text\" data-field-id=\"24\"><label class=\"wpforms-field-label\" for=\"wpforms-836-field_24\">\u00bfHay algo que te gustar\u00eda obtener de estas clases de yoga prenatal?<\/label><input type=\"text\" id=\"wpforms-836-field_24\" class=\"wpforms-field-medium\" name=\"wpforms[fields][24]\" aria-errormessage=\"wpforms-836-field_24-error\" ><\/div><script>\n\t\t\t\t( function() {\n\t\t\t\t\tconst style = document.createElement( 'style' );\n\t\t\t\t\tstyle.appendChild( document.createTextNode( '#wpforms-836-field_2-container { position: absolute !important; overflow: hidden !important; display: inline !important; height: 1px !important; width: 1px !important; z-index: -1000 !important; padding: 0 !important; } #wpforms-836-field_2-container input { visibility: hidden; } #wpforms-conversational-form-page #wpforms-836-field_2-container label { counter-increment: none; }' ) );\n\t\t\t\t\tdocument.head.appendChild( style );\n\t\t\t\t\tdocument.currentScript?.remove();\n\t\t\t\t} )();\n\t\t\t<\/script><\/div><!-- .wpforms-field-container --><div class=\"wpforms-submit-container\" ><input type=\"hidden\" name=\"wpforms[id]\" value=\"836\"><input type=\"hidden\" name=\"page_title\" value=\"\"><input type=\"hidden\" name=\"page_url\" value=\"https:\/\/dhalsimyogaestudio.com\/en\/wp-json\/wp\/v2\/pages\/834\"><input type=\"hidden\" name=\"url_referer\" value=\"\"><button type=\"submit\" name=\"wpforms[submit]\" id=\"wpforms-submit-836\" class=\"wpforms-submit\" data-alt-text=\"Sending...\" data-submit-text=\"Submit\" aria-live=\"assertive\" value=\"wpforms-submit\">Submit<\/button><img decoding=\"async\" src=\"https:\/\/dhalsimyogaestudio.com\/wp-content\/plugins\/wpforms-lite\/assets\/images\/submit-spin.svg\" class=\"wpforms-submit-spinner\" style=\"display: none;\" width=\"26\" height=\"26\" alt=\"Loading\"><\/div><input type=\"hidden\" name=\"trp-form-language\" value=\"en\"\/><\/form><\/div>  <!-- .wpforms-container -->\t\t\t\t<\/div>\n\t\t\t\t<\/div>\n\t\t\t\t<div class=\"elementor-element elementor-element-1c1c8b1 elementor-widget elementor-widget-text-editor\" data-id=\"1c1c8b1\" data-element_type=\"widget\" data-e-type=\"widget\" data-widget_type=\"text-editor.default\">\n\t\t\t\t<div class=\"elementor-widget-container\">\n\t\t\t\t\t\t\t\t\t<p>En cumplimiento del art\u00edculo 13 REGLAMENTO (UE) 2016\/679 DEL PARLAMENTO EUROPEO Y DEL CONSEJO de 27 de abril de 2016 relativo a la protecci\u00f3n de las personas f\u00edsicas en lo que respecta al tratamiento de datos personales y a la libre circulaci\u00f3n de estos datos (en lo sucesivo RGPD), as\u00ed como la Ley Org\u00e1nica 3\/2018, de 5 de diciembre, de Protecci\u00f3n de Datos Personales y garant\u00eda de los derechos digitales (en lo sucesivo LOPD \u2013 GDD), le informamos que en Dhalsim Yoga tratamos la informaci\u00f3n que nos facilita con el fin de gestionar y prestar el servicio contratado, as\u00ed como para enviarle publicidad relacionada con nuestros servicios por cualquier medio (postal, email o tel\u00e9fono) e invitarle a eventos organizados por nosotros. El tratamiento de sus datos se basa en la ejecuci\u00f3n de un contrato (art\u00edculo 6.1.b RGPD), as\u00ed como en su consentimiento expreso (art\u00edculo 6.1. a RGPD). No se ceder\u00e1n datos a terceros, salvo obligaci\u00f3n legal. Puede acceder, rectificar y suprimir los datos, as\u00ed\u0301como otros derechos, como se explica en la informaci\u00f3n adicional. Puede consultar la informaci\u00f3n adicional y detallada<br>sobre protecci\u00f3n de Datos en nuestra p\u00e1gina web: dhalsimyogaestudio.com escribiendo a dhalsimyogaestudio@gmail.com.<\/p>\t\t\t\t\t\t\t\t<\/div>\n\t\t\t\t<\/div>\n\t\t\t\t\t<\/div>\n\t\t\t\t<\/div>\n\t\t\t\t<\/div>","protected":false},"excerpt":{"rendered":"<p>Cuestionario De Salud Para La Pr\u00e1ctica de Yoga en embarazadas Please enable JavaScript in your browser to complete this form.Please enable JavaScript in your browser to complete this form. Nombre * FirstLast Tel\u00e9fonoEmail *EdadFecha estimada de parto \u00bfPrimer embarazo? Si No Semanas de gestaci\u00f3n actuales \u00bfCertificado m\u00e9dico para la pr\u00e1ctica adjunto al email? Si No \u00bfTienes alguna condici\u00f3n m\u00e9dica actual (diabetes, hipertensi\u00f3n, etc.)?\u00bfTomas alg\u00fan medicamento actualmente?\u00bfHas tenido complicaciones durante este embarazo (sangrado, contracciones prematuras, etc.)?\u00bfHas sido recomendada por un m\u00e9dico para hacer ejercicio f\u00edsico?\u00bfTe han dado alguna restricci\u00f3n espec\u00edfica?\u00bfHas tenido embarazos anteriores con complicaciones?\u00bfHas tenido partos por ces\u00e1rea?\u00bfPracticaste yoga antes del embarazo?\u00bfHas hecho alguna otra actividad f\u00edsica durante el embarazo?\u00bfTienes alguna molestia actual que deba tenerse en cuenta durante la clase? (Dolor lumbar, ci\u00e1tica, presi\u00f3n en la pelvis, n\u00e1useas, etc.) \u00bfTienes alguna inquietud o miedo relacionado con el parto o el embarazo que quieras compartir?\u00bfHay algo que te gustar\u00eda obtener de estas clases de yoga prenatal? Submit En cumplimiento del art\u00edculo 13 REGLAMENTO (UE) 2016\/679 DEL PARLAMENTO EUROPEO Y DEL CONSEJO de 27 de abril de 2016 relativo a la protecci\u00f3n de las personas f\u00edsicas en lo que respecta al tratamiento de datos personales y a la libre circulaci\u00f3n de estos datos (en lo sucesivo RGPD), as\u00ed como la Ley Org\u00e1nica 3\/2018, de 5 de diciembre, de Protecci\u00f3n de Datos Personales y garant\u00eda de los derechos digitales (en lo sucesivo LOPD \u2013 GDD), le informamos que en Dhalsim Yoga tratamos la informaci\u00f3n que nos facilita con el fin de gestionar y prestar el servicio contratado, as\u00ed como para enviarle publicidad relacionada con nuestros servicios por cualquier medio (postal, email o tel\u00e9fono) e invitarle a eventos organizados por nosotros. El tratamiento de sus datos se basa en la ejecuci\u00f3n de un contrato (art\u00edculo 6.1.b RGPD), as\u00ed como en su consentimiento expreso (art\u00edculo 6.1. a RGPD). No se ceder\u00e1n datos a terceros, salvo obligaci\u00f3n legal. Puede acceder, rectificar y suprimir los datos, as\u00ed\u0301como otros derechos, como se explica en la informaci\u00f3n adicional. Puede consultar la informaci\u00f3n adicional y detalladasobre protecci\u00f3n de Datos en nuestra p\u00e1gina web: dhalsimyogaestudio.com escribiendo a dhalsimyogaestudio@gmail.com.<\/p>","protected":false},"author":1,"featured_media":0,"parent":0,"menu_order":0,"comment_status":"closed","ping_status":"closed","template":"","meta":{"_price":"","_stock":"","_tribe_ticket_header":"","_tribe_default_ticket_provider":"","_tribe_ticket_capacity":"0","_ticket_start_date":"","_ticket_end_date":"","_tribe_ticket_show_description":"","_tribe_ticket_show_not_going":false,"_tribe_ticket_use_global_stock":"","_tribe_ticket_global_stock_level":"","_global_stock_mode":"","_global_stock_cap":"","_tribe_rsvp_for_event":"","_tribe_ticket_going_count":"","_tribe_ticket_not_going_count":"","_tribe_tickets_list":"[]","_tribe_ticket_has_attendee_info_fields":false,"footnotes":"","_tec_slr_enabled":"","_tec_slr_layout":""},"class_list":["post-834","page","type-page","status-publish","hentry"],"ticketed":false,"_links":{"self":[{"href":"https:\/\/dhalsimyogaestudio.com\/en\/wp-json\/wp\/v2\/pages\/834","targetHints":{"allow":["GET"]}}],"collection":[{"href":"https:\/\/dhalsimyogaestudio.com\/en\/wp-json\/wp\/v2\/pages"}],"about":[{"href":"https:\/\/dhalsimyogaestudio.com\/en\/wp-json\/wp\/v2\/types\/page"}],"author":[{"embeddable":true,"href":"https:\/\/dhalsimyogaestudio.com\/en\/wp-json\/wp\/v2\/users\/1"}],"replies":[{"embeddable":true,"href":"https:\/\/dhalsimyogaestudio.com\/en\/wp-json\/wp\/v2\/comments?post=834"}],"version-history":[{"count":21,"href":"https:\/\/dhalsimyogaestudio.com\/en\/wp-json\/wp\/v2\/pages\/834\/revisions"}],"predecessor-version":[{"id":5183,"href":"https:\/\/dhalsimyogaestudio.com\/en\/wp-json\/wp\/v2\/pages\/834\/revisions\/5183"}],"wp:attachment":[{"href":"https:\/\/dhalsimyogaestudio.com\/en\/wp-json\/wp\/v2\/media?parent=834"}],"curies":[{"name":"wp","href":"https:\/\/api.w.org\/{rel}","templated":true}]}}